{"id":23,"date":"2024-04-16T19:06:25","date_gmt":"2024-04-16T17:06:25","guid":{"rendered":"https:\/\/apnbelgium.be\/?page_id=23"},"modified":"2024-04-16T19:20:48","modified_gmt":"2024-04-16T17:20:48","slug":"accueil","status":"publish","type":"page","link":"https:\/\/apnbelgium.be\/","title":{"rendered":"Accueil"},"content":{"rendered":"\n<p>Ce site web a pour objectif d&#8217;\u00eatre un outil de communication entre un chercheur doctorant en Sant\u00e9 Publique de l&#8217;ULi\u00e8ge et son environnement de recherche.<\/p>\n\n\n\n<p>La recherche porte sur le th\u00e8me suivant : Pratique infirmi\u00e8re avanc\u00e9e et diff\u00e9renciation de fonction, proposition d\u2019un mod\u00e8le d\u2019int\u00e9gration dans le paysage socio-professionnel Belge<\/p>\n","protected":false},"excerpt":{"rendered":"<p>Ce site web a pour objectif d&#8217;\u00eatre un outil de communication entre un chercheur doctorant en Sant\u00e9 Publique de l&#8217;ULi\u00e8ge et son environnement de recherche. La recherche porte sur le th\u00e8me suivant : Pratique infirmi\u00e8re avanc\u00e9e et diff\u00e9renciation de fonction, [&hellip;]<\/p>\n","protected":false},"author":1,"featured_media":0,"parent":0,"menu_order":0,"comment_status":"closed","ping_status":"closed","template":"","meta":{"footnotes":""},"class_list":["post-23","page","type-page","status-publish","hentry"],"_links":{"self":[{"href":"https:\/\/apnbelgium.be\/index.php?rest_route=\/wp\/v2\/pages\/23","targetHints":{"allow":["GET"]}}],"collection":[{"href":"https:\/\/apnbelgium.be\/index.php?rest_route=\/wp\/v2\/pages"}],"about":[{"href":"https:\/\/apnbelgium.be\/index.php?rest_route=\/wp\/v2\/types\/page"}],"author":[{"embeddable":true,"href":"https:\/\/apnbelgium.be\/index.php?rest_route=\/wp\/v2\/users\/1"}],"replies":[{"embeddable":true,"href":"https:\/\/apnbelgium.be\/index.php?rest_route=%2Fwp%2Fv2%2Fcomments&post=23"}],"version-history":[{"count":2,"href":"https:\/\/apnbelgium.be\/index.php?rest_route=\/wp\/v2\/pages\/23\/revisions"}],"predecessor-version":[{"id":44,"href":"https:\/\/apnbelgium.be\/index.php?rest_route=\/wp\/v2\/pages\/23\/revisions\/44"}],"wp:attachment":[{"href":"https:\/\/apnbelgium.be\/index.php?rest_route=%2Fwp%2Fv2%2Fmedia&parent=23"}],"curies":[{"name":"wp","href":"https:\/\/api.w.org\/{rel}","templated":true}]}}