{"id":37,"date":"2024-04-16T19:16:25","date_gmt":"2024-04-16T17:16:25","guid":{"rendered":"https:\/\/apnbelgium.be\/?page_id=37"},"modified":"2024-05-14T10:35:52","modified_gmt":"2024-05-14T08:35:52","slug":"etudiant-master","status":"publish","type":"page","link":"https:\/\/apnbelgium.be\/?page_id=37","title":{"rendered":"Etudiant MASTER"},"content":{"rendered":"\n<p>Vous r\u00e9alisez actuellement un Master en Sant\u00e9 Publique ou en Sciences Infirmi\u00e8res et vous cherchez un sujet de m\u00e9moire ? Peut-\u00eatre que votre m\u00e9moire pourrait contribuer au d\u00e9veloppement de cette recherche. Si vous cherchez un sujet de recherche motivation touchant \u00e0 la pratique infirmi\u00e8re avanc\u00e9e prenez contact avec moi <a href=\"mailto:yves.maule@uliege.be\">yves.maule@uliege.be<\/a><\/p>\n","protected":false},"excerpt":{"rendered":"<p>Vous r\u00e9alisez actuellement un Master en Sant\u00e9 Publique ou en Sciences Infirmi\u00e8res et vous cherchez un sujet de m\u00e9moire ? Peut-\u00eatre que votre m\u00e9moire pourrait contribuer au d\u00e9veloppement de cette recherche. Si vous cherchez un sujet de recherche motivation touchant [&hellip;]<\/p>\n","protected":false},"author":1,"featured_media":0,"parent":0,"menu_order":0,"comment_status":"closed","ping_status":"closed","template":"","meta":{"footnotes":""},"class_list":["post-37","page","type-page","status-publish","hentry"],"_links":{"self":[{"href":"https:\/\/apnbelgium.be\/index.php?rest_route=\/wp\/v2\/pages\/37","targetHints":{"allow":["GET"]}}],"collection":[{"href":"https:\/\/apnbelgium.be\/index.php?rest_route=\/wp\/v2\/pages"}],"about":[{"href":"https:\/\/apnbelgium.be\/index.php?rest_route=\/wp\/v2\/types\/page"}],"author":[{"embeddable":true,"href":"https:\/\/apnbelgium.be\/index.php?rest_route=\/wp\/v2\/users\/1"}],"replies":[{"embeddable":true,"href":"https:\/\/apnbelgium.be\/index.php?rest_route=%2Fwp%2Fv2%2Fcomments&post=37"}],"version-history":[{"count":4,"href":"https:\/\/apnbelgium.be\/index.php?rest_route=\/wp\/v2\/pages\/37\/revisions"}],"predecessor-version":[{"id":57,"href":"https:\/\/apnbelgium.be\/index.php?rest_route=\/wp\/v2\/pages\/37\/revisions\/57"}],"wp:attachment":[{"href":"https:\/\/apnbelgium.be\/index.php?rest_route=%2Fwp%2Fv2%2Fmedia&parent=37"}],"curies":[{"name":"wp","href":"https:\/\/api.w.org\/{rel}","templated":true}]}}