{"id":64,"date":"2024-05-14T10:49:06","date_gmt":"2024-05-14T08:49:06","guid":{"rendered":"https:\/\/apnbelgium.be\/?page_id=64"},"modified":"2024-05-14T11:42:25","modified_gmt":"2024-05-14T09:42:25","slug":"informations-concernant-la-recherche","status":"publish","type":"page","link":"https:\/\/apnbelgium.be\/?page_id=64","title":{"rendered":"Informations concernant la recherche"},"content":{"rendered":"\n<p>Dans le cadre de mon doctorat en Sant\u00e9 Publique, j&#8217;explore la question de recherche suivante : <strong><em>&#8220;Pratique infirmi\u00e8re avanc\u00e9e et diff\u00e9renciation de fonction, proposition d\u2019un mod\u00e8le d\u2019int\u00e9gration dans le paysage socio-professionnel Belge&#8221;<\/em><\/strong>.<\/p>\n\n\n\n<p>Mon objectif est de d&#8217;analyser les cadres conceptuels actuels qui soutiennent le d\u00e9veloppement de la pratique infirmi\u00e8re avanc\u00e9e, qui ont fait leurs preuves internationalement et de faire une proposition qui s&#8217;adapte au mieux au paysage socio-professionnel Belge.<\/p>\n\n\n\n<p>Nous avons depuis peu un cadre l\u00e9gal au d\u00e9ploiement des IPA (Infirmier(e) de Pratique Avanc\u00e9e) et en Janvier 2025, la commissions d&#8217;agr\u00e9ment d\u00e9signera ces premiers professionnels de la sant\u00e9.<\/p>\n\n\n\n<p>Aujourd&#8217;hui nous ne disposons pas de cadastre de pratique, des besoins, de descriptions de fonctions  et surtout pas de guidelines guidant l&#8217;int\u00e9gration de ces nouveaux professionnels de la sant\u00e9 dans les structures actuelles de soins. D&#8217;autre part, les environnements de soins n&#8217;ont pas attendus le l\u00e9gislateur pour d\u00e9velopper des fonctions similaires \u00e0 la pratique infirmi\u00e8re avanc\u00e9e ce qui induit que ces IPA n&#8217;arriveront pas sur un terrain vierge.<\/p>\n\n\n\n<p>Si on ajoute \u00e0 cela une attractivit\u00e9 de la profession infirmi\u00e8re en berne, une p\u00e9nurie infirmi\u00e8re qui perdure depuis plusieurs ann\u00e9es et un pays o\u00f9 les pratiques infirmi\u00e8res divergent en fonction des r\u00e9gions, il est clair qu&#8217;une &#8220;simple&#8221; application des cadres conceptuels actuels ne suffira pas \u00e0 l&#8217;int\u00e9gration de cette nouvelle fonction au sein de nos environnements de soins.<\/p>\n\n\n\n<p>En partant du mod\u00e8le PEPPA<sup>1<\/sup> et celui d&#8217;HAMRIC<sup>2<\/sup> y associant les concepts de r\u00e9tention et de d\u00e9veloppement de la discipline infirmi\u00e8re incluant le mod\u00e8le ANA MAGNET<sup>3<\/sup> et faisant un passage par l&#8217;ANCC SYNERGY MODELE FOR PATIENT CARE<sup>4<\/sup>, j&#8217;ai rassembl\u00e9 et analyser un ensemble de fondements scientifiques pouvant servir de base \u00e0 l&#8217;\u00e9laboration d&#8217;un mod\u00e8le d&#8217;int\u00e9gration Belge.<\/p>\n\n\n\n<p>J&#8217;entame maintenant la phase exploratoire qualitative durant laquelle je vais explorer le futur environnement professionnel des IPA.<\/p>\n\n\n\n<figure class=\"wp-block-image size-large\"><img loading=\"lazy\" decoding=\"async\" width=\"972\" height=\"1024\" src=\"https:\/\/apnbelgium.be\/wp-content\/uploads\/2024\/05\/Capture-decran-2024-05-14-111736-972x1024.jpg\" alt=\"\" class=\"wp-image-74\" srcset=\"https:\/\/apnbelgium.be\/wp-content\/uploads\/2024\/05\/Capture-decran-2024-05-14-111736-972x1024.jpg 972w, https:\/\/apnbelgium.be\/wp-content\/uploads\/2024\/05\/Capture-decran-2024-05-14-111736-285x300.jpg 285w, https:\/\/apnbelgium.be\/wp-content\/uploads\/2024\/05\/Capture-decran-2024-05-14-111736-768x809.jpg 768w, https:\/\/apnbelgium.be\/wp-content\/uploads\/2024\/05\/Capture-decran-2024-05-14-111736.jpg 1095w\" sizes=\"auto, (max-width: 972px) 100vw, 972px\" \/><figcaption class=\"wp-element-caption\">Pr\u00e9sentation Yves MAULE, 1\u00b0 Journ\u00e9e Scientifique Master en Science Infirmi\u00e8re, 11\/04\/2024<\/figcaption><\/figure>\n\n\n\n<p><sup>1<\/sup> Bryant-Lukosius, D., Spichiger, E., Martin, J., Stoll, H., Kellerhals, S.D., Fliedner, M., Grossmann, F., Henry, M., Herrmann, L., Koller, A., Schwendimann, R., Ulrich, A., Weibel, L., Callens, B., De Geest, S., 2016. Framework for Evaluating the Impact of Advanced Practice Nursing Roles. J. Nurs. Scholarsh. 48. https:\/\/doi.org\/10.1111\/jnu.12199<\/p>\n\n\n\n<p><sup>2<\/sup> Hamric, A.B., Hanson, C.M., Tracy, M.F., O\u2019Grady, E.T. (Eds.), 2019. Advanced practice nursing: an integrative approach, 6. Edition. ed. Elsevier, St. Louis, Missouri.<\/p>\n\n\n\n<p><sup>3<\/sup> <a href=\"https:\/\/www.nursingworld.org\/organizational-programs\/magnet\/magnet-model\/\">https:\/\/www.nursingworld.org\/organizational-programs\/magnet\/magnet-model\/<\/a><\/p>\n\n\n\n<p><sup>4<\/sup> Kaplow, R 2003,\u201d AACN Synergy Model for Patient Care: a framework to optimize outcomes\u201d Crit Care Nurse. 2003 Feb;Suppl:27-30<\/p>\n","protected":false},"excerpt":{"rendered":"<p>Dans le cadre de mon doctorat en Sant\u00e9 Publique, j&#8217;explore la question de recherche suivante : &#8220;Pratique infirmi\u00e8re avanc\u00e9e et diff\u00e9renciation de fonction, proposition d\u2019un mod\u00e8le d\u2019int\u00e9gration dans le paysage socio-professionnel Belge&#8221;. Mon objectif est de d&#8217;analyser les cadres conceptuels [&hellip;]<\/p>\n","protected":false},"author":1,"featured_media":0,"parent":0,"menu_order":0,"comment_status":"closed","ping_status":"closed","template":"","meta":{"footnotes":""},"class_list":["post-64","page","type-page","status-publish","hentry"],"_links":{"self":[{"href":"https:\/\/apnbelgium.be\/index.php?rest_route=\/wp\/v2\/pages\/64","targetHints":{"allow":["GET"]}}],"collection":[{"href":"https:\/\/apnbelgium.be\/index.php?rest_route=\/wp\/v2\/pages"}],"about":[{"href":"https:\/\/apnbelgium.be\/index.php?rest_route=\/wp\/v2\/types\/page"}],"author":[{"embeddable":true,"href":"https:\/\/apnbelgium.be\/index.php?rest_route=\/wp\/v2\/users\/1"}],"replies":[{"embeddable":true,"href":"https:\/\/apnbelgium.be\/index.php?rest_route=%2Fwp%2Fv2%2Fcomments&post=64"}],"version-history":[{"count":6,"href":"https:\/\/apnbelgium.be\/index.php?rest_route=\/wp\/v2\/pages\/64\/revisions"}],"predecessor-version":[{"id":77,"href":"https:\/\/apnbelgium.be\/index.php?rest_route=\/wp\/v2\/pages\/64\/revisions\/77"}],"wp:attachment":[{"href":"https:\/\/apnbelgium.be\/index.php?rest_route=%2Fwp%2Fv2%2Fmedia&parent=64"}],"curies":[{"name":"wp","href":"https:\/\/api.w.org\/{rel}","templated":true}]}}